{"id":1633,"date":"2022-05-16T14:45:42","date_gmt":"2022-05-16T18:45:42","guid":{"rendered":"https:\/\/foodservices.hallco.org\/web\/?page_id=1633"},"modified":"2026-05-08T15:01:16","modified_gmt":"2026-05-08T19:01:16","slug":"summer-menus","status":"publish","type":"page","link":"https:\/\/foodservices.hallco.org\/web\/summer-menus\/","title":{"rendered":"Summer Menus"},"content":{"rendered":"\n<style type=\"text\/css\" data-created_by=\"avia_inline_auto\" id=\"style-css-av-l3eonjim-0843b0e053c4ed84c7cd1984503e7bec\">\n.avia-section.av-l3eonjim-0843b0e053c4ed84c7cd1984503e7bec .av-parallax .av-parallax-inner{\nbackground-repeat:no-repeat;\nbackground-image:url(https:\/\/foodservices.hallco.org\/web\/wp-content\/uploads\/2022\/05\/pexels-jill-wellington-35545-e1653065864744.jpg);\nbackground-position:100% 0%;\nbackground-attachment:scroll;\n}\n.avia-section.av-l3eonjim-0843b0e053c4ed84c7cd1984503e7bec .av-section-color-overlay{\nopacity:0.5;\nbackground-color:#000000;\n}\n<\/style>\n<div id='av_section_1'  class='avia-section av-l3eonjim-0843b0e053c4ed84c7cd1984503e7bec main_color avia-section-default avia-no-shadow  avia-builder-el-0  el_before_av_heading  avia-builder-el-first  avia-full-stretch av-parallax-section avia-bg-style-parallax av-section-color-overlay-active container_wrap sidebar_right'  data-section-bg-repeat='stretch'><div class='av-parallax' data-avia-parallax-ratio='0.3' ><div class='av-parallax-inner main_color avia-full-stretch'><\/div><\/div><div class=\"av-section-color-overlay-wrap\"><div class=\"av-section-color-overlay\"><\/div><div class='container av-section-cont-open' ><main  role=\"main\" itemprop=\"mainContentOfPage\"  class='template-page content  av-content-small alpha units'><div class='post-entry post-entry-type-page post-entry-1633'><div class='entry-content-wrapper clearfix'>\n\n<style type=\"text\/css\" data-created_by=\"avia_inline_auto\" id=\"style-css-av-l3eofw46-4994a9297e419645aa4533336321a55c\">\n#top .av-special-heading.av-l3eofw46-4994a9297e419645aa4533336321a55c{\npadding-bottom:0;\ncolor:#ffffff;\nfont-size:60px;\n}\nbody .av-special-heading.av-l3eofw46-4994a9297e419645aa4533336321a55c .av-special-heading-tag .heading-char{\nfont-size:25px;\n}\n#top #wrap_all .av-special-heading.av-l3eofw46-4994a9297e419645aa4533336321a55c .av-special-heading-tag{\nfont-size:60px;\n}\n.av-special-heading.av-l3eofw46-4994a9297e419645aa4533336321a55c .special-heading-inner-border{\nborder-color:#ffffff;\n}\n.av-special-heading.av-l3eofw46-4994a9297e419645aa4533336321a55c .av-subheading{\nfont-size:18px;\n}\n\n@media only screen and (min-width: 480px) and (max-width: 767px){ \n#top #wrap_all .av-special-heading.av-l3eofw46-4994a9297e419645aa4533336321a55c .av-special-heading-tag{\nfont-size:0.8em;\n}\n}\n\n@media only screen and (max-width: 479px){ \n#top #wrap_all .av-special-heading.av-l3eofw46-4994a9297e419645aa4533336321a55c .av-special-heading-tag{\nfont-size:0.8em;\n}\n}\n<\/style>\n<div  class='av-special-heading av-l3eofw46-4994a9297e419645aa4533336321a55c av-special-heading-h1 custom-color-heading blockquote modern-quote  avia-builder-el-1  avia-builder-el-no-sibling  av-thin-font av-inherit-size av-linked-heading'><h1 class='av-special-heading-tag '  itemprop=\"headline\"  >Summer <strong>Menus<\/strong><\/h1><div class='av_custom_color av-subheading av-subheading_below'><p>See what we\u2019re serving this summer.<\/p>\n<\/div><div class=\"special-heading-border\"><div class=\"special-heading-inner-border\"><\/div><\/div><\/div>\n<\/div><\/div><\/main><!-- close content main element --><\/div><\/div><\/div><div id='after_section_1'  class='main_color av_default_container_wrap container_wrap sidebar_right'  ><div class='container av-section-cont-open' ><div class='template-page content  av-content-small alpha units'><div class='post-entry post-entry-type-page post-entry-1633'><div class='entry-content-wrapper clearfix'>\n\n<style type=\"text\/css\" data-created_by=\"avia_inline_auto\" id=\"style-css-av-lx0omsbr-9fd32c5298241aa28757ccba771ebb0c\">\n#top .av-special-heading.av-lx0omsbr-9fd32c5298241aa28757ccba771ebb0c{\npadding-bottom:10px;\n}\nbody .av-special-heading.av-lx0omsbr-9fd32c5298241aa28757ccba771ebb0c .av-special-heading-tag .heading-char{\nfont-size:25px;\n}\n.av-special-heading.av-lx0omsbr-9fd32c5298241aa28757ccba771ebb0c .av-subheading{\nfont-size:15px;\n}\n<\/style>\n<div  class='av-special-heading av-lx0omsbr-9fd32c5298241aa28757ccba771ebb0c av-special-heading-h2  avia-builder-el-2  el_after_av_section  el_before_av_heading  avia-builder-el-first '><h2 class='av-special-heading-tag '  itemprop=\"headline\"  >Please note &#8211; children must be present for meal distribution and meals must be eaten on-site (where meals are distributed). Tenga en cuenta que los ni\u00f1os deben estar presentes para la distribuci\u00f3n de las comidas y que \u00e9stas deben consumirse in situ (donde se distribuyen las comidas).<\/h2><div class=\"special-heading-border\"><div class=\"special-heading-inner-border\"><\/div><\/div><\/div>\n\n<style type=\"text\/css\" data-created_by=\"avia_inline_auto\" id=\"style-css-av-l3epizhd-3020fc60f9f277186fa07d2a1312a34a\">\n#top .av-special-heading.av-l3epizhd-3020fc60f9f277186fa07d2a1312a34a{\npadding-bottom:10px;\n}\nbody .av-special-heading.av-l3epizhd-3020fc60f9f277186fa07d2a1312a34a .av-special-heading-tag .heading-char{\nfont-size:25px;\n}\n.av-special-heading.av-l3epizhd-3020fc60f9f277186fa07d2a1312a34a .av-subheading{\nfont-size:15px;\n}\n<\/style>\n<div  class='av-special-heading av-l3epizhd-3020fc60f9f277186fa07d2a1312a34a av-special-heading-h2  avia-builder-el-3  el_after_av_heading  el_before_av_tab_container '><h2 class='av-special-heading-tag '  itemprop=\"headline\"  >Summer Menus<\/h2><div class=\"special-heading-border\"><div class=\"special-heading-inner-border\"><\/div><\/div><\/div>\n<div  class='tabcontainer av-9s5i5d-d0b0cde91c66a0fd896f4c61b71b223a top_tab  avia-builder-el-4  el_after_av_heading  avia-builder-el-last '>\n<section class='av_tab_section av_tab_section av-t4cgh-9f8cb6a54b4f6a4d1c35aebaf42a8527'  itemscope=\"itemscope\" itemtype=\"https:\/\/schema.org\/CreativeWork\" ><div id='tab-id-1-tab' class='tab active_tab' role='tab' aria-selected=\"true\" tabindex=\"0\" data-fake-id='#tab-id-1' aria-controls='tab-id-1-content'  itemprop=\"headline\" >Summer Feeding Menus (English)<\/div><div id='tab-id-1-content' class='tab_content active_tab_content' role='tabpanel' aria-labelledby='tab-id-1-tab' aria-hidden=\"false\"><div class='tab_inner_content invers-color'  itemprop=\"text\" ><a href=\"https:\/\/foodservices.hallco.org\/web\/wp-content\/uploads\/2026\/05\/SSO-English-SY26.pdf\" class=\"pdfemb-viewer\" style=\"\" data-width=\"max\" data-height=\"max\" data-mobile-width=\"500\"  data-scrollbar=\"none\" data-download=\"on\" data-tracking=\"on\" data-newwindow=\"on\" data-pagetextbox=\"off\" data-scrolltotop=\"off\" data-startzoom=\"100\" data-startfpzoom=\"100\" data-toolbar=\"bottom\" data-toolbar-fixed=\"off\">SSO English SY26<br\/><\/a>\n<\/div><\/div><\/section>\n<section class='av_tab_section av_tab_section av-5z0y3l-dc7a0f7eb8a0a3dd8f3a809ea8152fd9'  itemscope=\"itemscope\" itemtype=\"https:\/\/schema.org\/CreativeWork\" ><div id='tab-id-2-tab' class='tab' role='tab' aria-selected=\"false\" tabindex=\"0\" data-fake-id='#tab-id-2' aria-controls='tab-id-2-content'  itemprop=\"headline\" >Men\u00fas de verano (espa\u00f1ol)<\/div><div id='tab-id-2-content' class='tab_content' role='tabpanel' aria-labelledby='tab-id-2-tab' aria-hidden=\"true\"><div class='tab_inner_content invers-color'  itemprop=\"text\" ><a href=\"https:\/\/foodservices.hallco.org\/web\/wp-content\/uploads\/2026\/05\/ES-SSO-Spanish-SY26.pdf\" class=\"pdfemb-viewer\" style=\"\" data-width=\"max\" data-height=\"max\" data-mobile-width=\"500\"  data-scrollbar=\"none\" data-download=\"on\" data-tracking=\"on\" data-newwindow=\"on\" data-pagetextbox=\"off\" data-scrolltotop=\"off\" data-startzoom=\"100\" data-startfpzoom=\"100\" data-toolbar=\"bottom\" data-toolbar-fixed=\"off\">ES SSO Spanish SY26<br\/><\/a>\n<\/div><\/div><\/section>\n<section class='av_tab_section av_tab_section av-lkmz3gxz-81d1ed43b2a6416a9defddfdcaea4a0c'  itemscope=\"itemscope\" itemtype=\"https:\/\/schema.org\/CreativeWork\" ><div id='tab-id-3-tab' class='tab' role='tab' aria-selected=\"false\" tabindex=\"0\" data-fake-id='#tab-id-3' aria-controls='tab-id-3-content'  itemprop=\"headline\" >Serving Times and Locations<\/div><div id='tab-id-3-content' class='tab_content' role='tabpanel' aria-labelledby='tab-id-3-tab' aria-hidden=\"true\"><div class='tab_inner_content invers-color'  itemprop=\"text\" ><a href=\"https:\/\/foodservices.hallco.org\/web\/wp-content\/uploads\/2026\/05\/SY26-Locations-and-Serving-Times.pdf\" class=\"pdfemb-viewer\" style=\"\" data-width=\"max\" data-height=\"max\" data-mobile-width=\"500\"  data-scrollbar=\"none\" data-download=\"on\" data-tracking=\"on\" data-newwindow=\"on\" data-pagetextbox=\"off\" data-scrolltotop=\"off\" data-startzoom=\"100\" data-startfpzoom=\"100\" data-toolbar=\"bottom\" data-toolbar-fixed=\"off\">SY26 Locations and Serving Times<br\/><\/a>\n<\/div><\/div><\/section>\n<\/div>\n","protected":false},"excerpt":{"rendered":"","protected":false},"author":7,"featured_media":0,"parent":0,"menu_order":0,"comment_status":"closed","ping_status":"closed","template":"","meta":{"_monsterinsights_skip_tracking":false,"_monsterinsights_sitenote_active":false,"_monsterinsights_sitenote_note":"","_monsterinsights_sitenote_category":0,"footnotes":""},"class_list":["post-1633","page","type-page","status-publish","hentry"],"yoast_head":"<!-- This site is optimized with the Yoast SEO plugin v27.6 - https:\/\/yoast.com\/product\/yoast-seo-wordpress\/ -->\n<title>Summer Menus - Hall County School Nutrition<\/title>\n<meta name=\"robots\" content=\"index, follow, max-snippet:-1, max-image-preview:large, max-video-preview:-1\" \/>\n<link rel=\"canonical\" href=\"https:\/\/foodservices.hallco.org\/web\/summer-menus\/\" \/>\n<meta property=\"og:locale\" content=\"en_US\" \/>\n<meta property=\"og:type\" content=\"article\" \/>\n<meta property=\"og:title\" content=\"Summer Menus - Hall County School Nutrition\" \/>\n<meta property=\"og:url\" content=\"https:\/\/foodservices.hallco.org\/web\/summer-menus\/\" \/>\n<meta property=\"og:site_name\" content=\"Hall County School Nutrition\" \/>\n<meta property=\"article:modified_time\" content=\"2026-05-08T19:01:16+00:00\" \/>\n<meta name=\"twitter:card\" content=\"summary_large_image\" \/>\n<meta name=\"twitter:label1\" content=\"Est. reading time\" \/>\n\t<meta name=\"twitter:data1\" content=\"1 minute\" \/>\n<script type=\"application\/ld+json\" class=\"yoast-schema-graph\">{\"@context\":\"https:\\\/\\\/schema.org\",\"@graph\":[{\"@type\":\"WebPage\",\"@id\":\"https:\\\/\\\/foodservices.hallco.org\\\/web\\\/summer-menus\\\/\",\"url\":\"https:\\\/\\\/foodservices.hallco.org\\\/web\\\/summer-menus\\\/\",\"name\":\"Summer Menus - Hall County School Nutrition\",\"isPartOf\":{\"@id\":\"https:\\\/\\\/foodservices.hallco.org\\\/web\\\/#website\"},\"datePublished\":\"2022-05-16T18:45:42+00:00\",\"dateModified\":\"2026-05-08T19:01:16+00:00\",\"breadcrumb\":{\"@id\":\"https:\\\/\\\/foodservices.hallco.org\\\/web\\\/summer-menus\\\/#breadcrumb\"},\"inLanguage\":\"en-US\",\"potentialAction\":[{\"@type\":\"ReadAction\",\"target\":[\"https:\\\/\\\/foodservices.hallco.org\\\/web\\\/summer-menus\\\/\"]}]},{\"@type\":\"BreadcrumbList\",\"@id\":\"https:\\\/\\\/foodservices.hallco.org\\\/web\\\/summer-menus\\\/#breadcrumb\",\"itemListElement\":[{\"@type\":\"ListItem\",\"position\":1,\"name\":\"Home\",\"item\":\"https:\\\/\\\/foodservices.hallco.org\\\/web\\\/welcome\\\/\"},{\"@type\":\"ListItem\",\"position\":2,\"name\":\"Summer Menus\"}]},{\"@type\":\"WebSite\",\"@id\":\"https:\\\/\\\/foodservices.hallco.org\\\/web\\\/#website\",\"url\":\"https:\\\/\\\/foodservices.hallco.org\\\/web\\\/\",\"name\":\"Hall County School Nutrition\",\"description\":\"Fuel For Student Learning\",\"potentialAction\":[{\"@type\":\"SearchAction\",\"target\":{\"@type\":\"EntryPoint\",\"urlTemplate\":\"https:\\\/\\\/foodservices.hallco.org\\\/web\\\/?s={search_term_string}\"},\"query-input\":{\"@type\":\"PropertyValueSpecification\",\"valueRequired\":true,\"valueName\":\"search_term_string\"}}],\"inLanguage\":\"en-US\"}]}<\/script>\n<!-- \/ Yoast SEO plugin. -->","yoast_head_json":{"title":"Summer Menus - Hall County School Nutrition","robots":{"index":"index","follow":"follow","max-snippet":"max-snippet:-1","max-image-preview":"max-image-preview:large","max-video-preview":"max-video-preview:-1"},"canonical":"https:\/\/foodservices.hallco.org\/web\/summer-menus\/","og_locale":"en_US","og_type":"article","og_title":"Summer Menus - Hall County School Nutrition","og_url":"https:\/\/foodservices.hallco.org\/web\/summer-menus\/","og_site_name":"Hall County School Nutrition","article_modified_time":"2026-05-08T19:01:16+00:00","twitter_card":"summary_large_image","twitter_misc":{"Est. reading time":"1 minute"},"schema":{"@context":"https:\/\/schema.org","@graph":[{"@type":"WebPage","@id":"https:\/\/foodservices.hallco.org\/web\/summer-menus\/","url":"https:\/\/foodservices.hallco.org\/web\/summer-menus\/","name":"Summer Menus - Hall County School Nutrition","isPartOf":{"@id":"https:\/\/foodservices.hallco.org\/web\/#website"},"datePublished":"2022-05-16T18:45:42+00:00","dateModified":"2026-05-08T19:01:16+00:00","breadcrumb":{"@id":"https:\/\/foodservices.hallco.org\/web\/summer-menus\/#breadcrumb"},"inLanguage":"en-US","potentialAction":[{"@type":"ReadAction","target":["https:\/\/foodservices.hallco.org\/web\/summer-menus\/"]}]},{"@type":"BreadcrumbList","@id":"https:\/\/foodservices.hallco.org\/web\/summer-menus\/#breadcrumb","itemListElement":[{"@type":"ListItem","position":1,"name":"Home","item":"https:\/\/foodservices.hallco.org\/web\/welcome\/"},{"@type":"ListItem","position":2,"name":"Summer Menus"}]},{"@type":"WebSite","@id":"https:\/\/foodservices.hallco.org\/web\/#website","url":"https:\/\/foodservices.hallco.org\/web\/","name":"Hall County School Nutrition","description":"Fuel For Student Learning","potentialAction":[{"@type":"SearchAction","target":{"@type":"EntryPoint","urlTemplate":"https:\/\/foodservices.hallco.org\/web\/?s={search_term_string}"},"query-input":{"@type":"PropertyValueSpecification","valueRequired":true,"valueName":"search_term_string"}}],"inLanguage":"en-US"}]}},"_links":{"self":[{"href":"https:\/\/foodservices.hallco.org\/web\/wp-json\/wp\/v2\/pages\/1633","targetHints":{"allow":["GET"]}}],"collection":[{"href":"https:\/\/foodservices.hallco.org\/web\/wp-json\/wp\/v2\/pages"}],"about":[{"href":"https:\/\/foodservices.hallco.org\/web\/wp-json\/wp\/v2\/types\/page"}],"author":[{"embeddable":true,"href":"https:\/\/foodservices.hallco.org\/web\/wp-json\/wp\/v2\/users\/7"}],"replies":[{"embeddable":true,"href":"https:\/\/foodservices.hallco.org\/web\/wp-json\/wp\/v2\/comments?post=1633"}],"version-history":[{"count":27,"href":"https:\/\/foodservices.hallco.org\/web\/wp-json\/wp\/v2\/pages\/1633\/revisions"}],"predecessor-version":[{"id":2995,"href":"https:\/\/foodservices.hallco.org\/web\/wp-json\/wp\/v2\/pages\/1633\/revisions\/2995"}],"wp:attachment":[{"href":"https:\/\/foodservices.hallco.org\/web\/wp-json\/wp\/v2\/media?parent=1633"}],"curies":[{"name":"wp","href":"https:\/\/api.w.org\/{rel}","templated":true}]}}