{"id":1904,"date":"2022-08-01T12:06:31","date_gmt":"2022-08-01T16:06:31","guid":{"rendered":"https:\/\/foodservices.hallco.org\/web\/?page_id=1904"},"modified":"2023-07-26T07:23:20","modified_gmt":"2023-07-26T11:23:20","slug":"nondiscrimination-statement","status":"publish","type":"page","link":"https:\/\/foodservices.hallco.org\/web\/nondiscrimination-statement\/","title":{"rendered":"Non-discrimination Statement"},"content":{"rendered":"\n<style type=\"text\/css\" data-created_by=\"avia_inline_auto\" id=\"style-css-av-l6axlwv2-63416062493808f50870c6a184d42383\">\n.avia-section.av-l6axlwv2-63416062493808f50870c6a184d42383 .av-parallax .av-parallax-inner{\nbackground-repeat:no-repeat;\nbackground-image:url(https:\/\/foodservices.hallco.org\/web\/wp-content\/uploads\/2022\/08\/pexels-antoni-shkraba-5852329.jpg);\nbackground-position:50% 100%;\nbackground-attachment:scroll;\n}\n.avia-section.av-l6axlwv2-63416062493808f50870c6a184d42383 .av-section-color-overlay{\nopacity:0.5;\nbackground-color:#000000;\n}\n<\/style>\n<div id='av_section_1'  class='avia-section av-l6axlwv2-63416062493808f50870c6a184d42383 main_color avia-section-default avia-no-shadow  avia-builder-el-0  el_before_av_tab_container  avia-builder-el-first  avia-full-stretch av-parallax-section avia-bg-style-parallax av-section-color-overlay-active container_wrap sidebar_right'  data-section-bg-repeat='stretch'><div class='av-parallax' data-avia-parallax-ratio='0.3' ><div class='av-parallax-inner main_color avia-full-stretch'><\/div><\/div><div class=\"av-section-color-overlay-wrap\"><div class=\"av-section-color-overlay\"><\/div><div class='container av-section-cont-open' ><main  role=\"main\" itemprop=\"mainContentOfPage\"  class='template-page content  av-content-small alpha units'><div class='post-entry post-entry-type-page post-entry-1904'><div class='entry-content-wrapper clearfix'>\n\n<style type=\"text\/css\" data-created_by=\"avia_inline_auto\" id=\"style-css-av-l6axhes3-c10d27fcb92fbad38367931cda2ede58\">\n#top .av-special-heading.av-l6axhes3-c10d27fcb92fbad38367931cda2ede58{\npadding-bottom:0;\ncolor:#ffffff;\nfont-size:60px;\n}\nbody .av-special-heading.av-l6axhes3-c10d27fcb92fbad38367931cda2ede58 .av-special-heading-tag .heading-char{\nfont-size:25px;\n}\n#top #wrap_all .av-special-heading.av-l6axhes3-c10d27fcb92fbad38367931cda2ede58 .av-special-heading-tag{\nfont-size:60px;\n}\n.av-special-heading.av-l6axhes3-c10d27fcb92fbad38367931cda2ede58 .special-heading-inner-border{\nborder-color:#ffffff;\n}\n.av-special-heading.av-l6axhes3-c10d27fcb92fbad38367931cda2ede58 .av-subheading{\nfont-size:18px;\n}\n\n@media only screen and (min-width: 480px) and (max-width: 767px){ \n#top #wrap_all .av-special-heading.av-l6axhes3-c10d27fcb92fbad38367931cda2ede58 .av-special-heading-tag{\nfont-size:0.8em;\n}\n}\n\n@media only screen and (max-width: 479px){ \n#top #wrap_all .av-special-heading.av-l6axhes3-c10d27fcb92fbad38367931cda2ede58 .av-special-heading-tag{\nfont-size:0.8em;\n}\n}\n<\/style>\n<div  class='av-special-heading av-l6axhes3-c10d27fcb92fbad38367931cda2ede58 av-special-heading-h1 custom-color-heading blockquote modern-quote  avia-builder-el-1  avia-builder-el-no-sibling  av-thin-font av-inherit-size av-linked-heading'><h1 class='av-special-heading-tag '  itemprop=\"headline\"  >Nondiscrimination<strong> Statement<\/strong><\/h1><div class=\"special-heading-border\"><div class=\"special-heading-inner-border\"><\/div><\/div><\/div>\n<\/div><\/div><\/main><!-- close content main element --><\/div><\/div><\/div><div id='after_section_1'  class='main_color av_default_container_wrap container_wrap sidebar_right'  ><div class='container av-section-cont-open' ><div class='template-page content  av-content-small alpha units'><div class='post-entry post-entry-type-page post-entry-1904'><div class='entry-content-wrapper clearfix'>\n<div  class='tabcontainer av-l6ay0ozj-5046ab1dde9bb5865e95d6695a514076 top_tab  avia-builder-el-2  el_after_av_section  avia-builder-el-no-sibling '>\n<section class='av_tab_section av_tab_section av-l6axyl3t-1bcbb8229395a4628ef5c1f99c431af8'  itemscope=\"itemscope\" itemtype=\"https:\/\/schema.org\/CreativeWork\" ><div id='tab-id-1-tab' class='tab active_tab' role='tab' aria-selected=\"true\" tabindex=\"0\" data-fake-id='#tab-id-1' aria-controls='tab-id-1-content'  itemprop=\"headline\" >English<\/div><div id='tab-id-1-content' class='tab_content active_tab_content' role='tabpanel' aria-labelledby='tab-id-1-tab' aria-hidden=\"false\"><div class='tab_inner_content invers-color'  itemprop=\"text\" ><p>The <strong>Richard B. Russell National School Lunch Act <\/strong>requires the information on this application. You do not have to give the information, but if you do not, we cannot approve your child for free or reduced-price meals. You must include the last four digits of the social security number of the adult household member who signs the application. The last four digits of the social security number is not required when you apply on behalf of a foster child or you list a Supplemental Nutrition Assistance Program (SNAP), Temporary Assistance for Needy Families (TANF) Program or Food Distribution Program on Indian Reservations (FDPIR) case number or other FDPIR identi\ufb01er for your child or when you indicate that the adult household member signing the application does not have a social security number. We will use your information to determine if your child is eligible for free or reduced-price meals, and for administration and enforcement of the lunch and breakfast programs. We MAY share your eligibility information with education, health, and nutrition programs to help them evaluate, fund, or determine bene\ufb01ts for their programs, auditors for program reviews, and law enforcement officials to help them look into violations of program rules.<\/p>\n<p>In accordance with federal civil rights law and U.S. Department of Agriculture (USDA) civil rights regulations and policies, this institution is prohibited from discriminating on the basis of race, color, national origin, sex (including gender identity and sexual orientation), disability, age, or reprisal or retaliation for prior civil rights activity.<\/p>\n<p>Program information may be made available in languages other than English. Persons with disabilities who require alternative means of communication to obtain program information (e.g., Braille, large print, audiotape, American Sign Language), should contact the responsible state or local agency that administers the program or USDA\u2019s TARGET Center at (202) 720-2600 (voice and TTY) or contact USDA through the Federal Relay Service at (800) 877-8339.<\/p>\n<p>To file a program discrimination complaint, a Complainant should complete a Form AD-3027, USDA Program Discrimination Complaint Form which can be obtained online at:\u00a0<a href=\"https:\/\/www.usda.gov\/sites\/default\/files\/documents\/ad-3027.pdf\" target=\"_blank\" rel=\"noopener\" data-cke-saved-href=\"https:\/\/www.usda.gov\/sites\/default\/files\/documents\/ad-3027.pdf\">https:\/\/www.usda.gov\/sites\/default\/files\/documents\/ad-3027.pdf<\/a>, from any USDA office, by calling (866) 632-9992, or by writing a letter addressed to USDA. The letter must contain the complainant\u2019s name, address, telephone number, and a written description of the alleged discriminatory action in sufficient detail to inform the Assistant Secretary for Civil Rights (ASCR) about the nature and date of an alleged civil rights violation. The completed AD-3027 form or letter must be submitted to USDA by:<\/p>\n<ol>\n<li><strong>mail:<\/strong><br \/>\nU.S. Department of Agriculture<br \/>\nOffice of the Assistant Secretary for Civil Rights<br \/>\n1400 Independence Avenue, SW<br \/>\nWashington, D.C. 20250-9410; or<\/li>\n<li><strong>fax:<\/strong><br \/>\n(833) 256-1665 or (202) 690-7442; or<\/li>\n<li><strong>email:<\/strong><br \/>\n<a href=\"mailto:program.intake@usda.gov\" data-cke-saved-href=\"mailto:program.intake@usda.gov\">Program.Intake@usda.gov<\/a><\/li>\n<\/ol>\n<\/div><\/div><\/section>\n<section class='av_tab_section av_tab_section av-l6ay0ezz-b3b14f71200f090f7c3a640450fd585e'  itemscope=\"itemscope\" itemtype=\"https:\/\/schema.org\/CreativeWork\" ><div id='tab-id-2-tab' class='tab' role='tab' aria-selected=\"false\" tabindex=\"0\" data-fake-id='#tab-id-2' aria-controls='tab-id-2-content'  itemprop=\"headline\" >Espa\u00f1ol<\/div><div id='tab-id-2-content' class='tab_content' role='tabpanel' aria-labelledby='tab-id-2-tab' aria-hidden=\"true\"><div class='tab_inner_content invers-color'  itemprop=\"text\" ><p><span style=\"color: #000000;\">La Ley Nacional de Almuerzos Escolares Richard B. Russell exige la informaci\u00f3n de esta solicitud. Usted no tiene que dar la informaci\u00f3n, pero si no lo hace, no podemos aprobar a su hijo para comidas gratis o a precio reducido. Debe incluir los cuatro \u00faltimos d\u00edgitos del n\u00famero de la seguridad social del miembro adulto de la familia que firme la solicitud. Los cuatro \u00faltimos d\u00edgitos del n\u00famero de la seguridad social no son necesarios si presenta la solicitud en nombre de un hijo de acogida o si indica un n\u00famero de caso del Programa de Asistencia Nutricional Suplementaria (SNAP), del Programa de Asistencia Temporal para Familias Necesitadas (TANF) o del Programa de Distribuci\u00f3n de Alimentos en Reservas Ind\u00edgenas (FDPIR) u otro identi\ufb01cador FDPIR para su hijo, o si indica que el miembro adulto del hogar que firma la solicitud no tiene n\u00famero de la seguridad social. Utilizaremos su informaci\u00f3n para determinar si su hijo re\u00fane los requisitos para recibir comidas gratuitas o a precio reducido, y para la administraci\u00f3n y el cumplimiento de los programas de almuerzo y desayuno. PODEMOS compartir su informaci\u00f3n de elegibilidad con programas de educaci\u00f3n, salud y nutrici\u00f3n para ayudarles a evaluar, financiar o determinar los beneficios de sus programas, auditores para revisiones de programas y funcionarios encargados de hacer cumplir la ley para ayudarles a investigar violaciones de las reglas del programa.<\/span><\/p>\n<p><span style=\"color: #000000;\">Para todos los dem\u00e1s programas de asistencia de nutrici\u00f3n del FNS, agencias estatales o locales y sus subreceptores, deben publicar la siguiente Declaraci\u00f3n de No Discriminaci\u00f3n:<\/span><\/p>\n<p>De acuerdo con la ley federal de derechos civiles y las normas y pol\u00edticas de derechos civiles del Departamento de Agricultura de los Estados Unidos (USDA), esta entidad est\u00e1 prohibida de discriminar por motivos de raza, color, origen nacional, sexo (incluyendo identidad de g\u00e9nero y orientaci\u00f3n sexual), discapacidad, edad, o represalia o retorsi\u00f3n por actividades previas de derechos civiles.<\/p>\n<p>La informaci\u00f3n sobre el programa puede estar disponible en otros idiomas que no sean el ingl\u00e9s. Las personas con discapacidades que requieren medios alternos de comunicaci\u00f3n para obtener la informaci\u00f3n del programa (por ejemplo, Braille, letra grande, cinta de audio, lenguaje de se\u00f1as americano (ASL), etc.) deben comunicarse con la agencia local o estatal responsable de administrar el programa o con el Centro TARGET del USDA al (202) 720-2600 (voz y TTY) o comun\u00edquese con el USDA a trav\u00e9s del Servicio Federal de Retransmisi\u00f3n al (800) 877-8339.<\/p>\n<p>Para presentar una queja por discriminaci\u00f3n en el programa, el reclamante debe llenar un formulario AD-3027, formulario de queja por discriminaci\u00f3n en el programa del USDA, el cual <a href=\"https:\/\/www.fns.usda.gov\/sites\/default\/files\/resource-files\/usda-program-discrimination-complaint-form-spanish.pdf\">puede obtenerse en l\u00ednea en: https:\/\/www.fns.usda.gov\/sites\/default\/files\/resource-files\/usda- program-discrimination-complaint-form-spanish.pdf, de cualquier oficina de USDA, llamando <\/a>al (866) 632-9992, o escribiendo una carta dirigida a USDA. La carta debe contener el nombre del demandante, la direcci\u00f3n, el n\u00famero de tel\u00e9fono y una descripci\u00f3n escrita de la acci\u00f3n discriminatoria alegada con suficiente detalle para informar al Subsecretario de Derechos Civiles (ASCR) sobre la naturaleza y fecha de una presunta violaci\u00f3n de derechos civiles. El formulario AD-3027 completado o la carta debe presentarse a USDA por:<\/p>\n<ul>\n<li><strong>correo:<\/strong><\/li>\n<\/ul>\n<p>U.S. Department of Agriculture<\/p>\n<p>Office of the Assistant Secretary for Civil Rights 1400 Independence Avenue, SW<\/p>\n<p>Washington, D.C. 20250-9410; or<\/p>\n<ul>\n<li><strong>fax:<\/strong><\/li>\n<\/ul>\n<p>(833) 256-1665 o (202) 690-7442; o<\/p>\n<ul>\n<li><strong>correo electr\u00f3nico:<\/strong><\/li>\n<\/ul>\n<p><a href=\"mailto:program.intake@usda.gov\">program.intake@usda.gov<\/a><\/p>\n<p>Esta entidad es un proveedor que brinda igualdad de oportunidades<em>.<\/em><\/p>\n<\/div><\/div><\/section>\n<\/div>\n","protected":false},"excerpt":{"rendered":"","protected":false},"author":7,"featured_media":0,"parent":0,"menu_order":0,"comment_status":"closed","ping_status":"closed","template":"","meta":{"_monsterinsights_skip_tracking":false,"_monsterinsights_sitenote_active":false,"_monsterinsights_sitenote_note":"","_monsterinsights_sitenote_category":0,"footnotes":""},"class_list":["post-1904","page","type-page","status-publish","hentry"],"yoast_head":"<!-- This site is optimized with the Yoast SEO plugin v27.5 - https:\/\/yoast.com\/product\/yoast-seo-wordpress\/ -->\n<title>Non-discrimination Statement - Hall County School Nutrition<\/title>\n<meta name=\"robots\" content=\"index, follow, max-snippet:-1, max-image-preview:large, max-video-preview:-1\" \/>\n<link rel=\"canonical\" href=\"https:\/\/foodservices.hallco.org\/web\/nondiscrimination-statement\/\" \/>\n<meta property=\"og:locale\" content=\"en_US\" \/>\n<meta property=\"og:type\" content=\"article\" \/>\n<meta property=\"og:title\" content=\"Non-discrimination Statement - Hall County School Nutrition\" \/>\n<meta property=\"og:url\" content=\"https:\/\/foodservices.hallco.org\/web\/nondiscrimination-statement\/\" \/>\n<meta property=\"og:site_name\" content=\"Hall County School Nutrition\" \/>\n<meta property=\"article:modified_time\" content=\"2023-07-26T11:23:20+00:00\" \/>\n<meta name=\"twitter:card\" content=\"summary_large_image\" \/>\n<meta name=\"twitter:label1\" content=\"Est. reading time\" \/>\n\t<meta name=\"twitter:data1\" content=\"6 minutes\" \/>\n<script type=\"application\/ld+json\" class=\"yoast-schema-graph\">{\"@context\":\"https:\\\/\\\/schema.org\",\"@graph\":[{\"@type\":\"WebPage\",\"@id\":\"https:\\\/\\\/foodservices.hallco.org\\\/web\\\/nondiscrimination-statement\\\/\",\"url\":\"https:\\\/\\\/foodservices.hallco.org\\\/web\\\/nondiscrimination-statement\\\/\",\"name\":\"Non-discrimination Statement - Hall County School Nutrition\",\"isPartOf\":{\"@id\":\"https:\\\/\\\/foodservices.hallco.org\\\/web\\\/#website\"},\"datePublished\":\"2022-08-01T16:06:31+00:00\",\"dateModified\":\"2023-07-26T11:23:20+00:00\",\"breadcrumb\":{\"@id\":\"https:\\\/\\\/foodservices.hallco.org\\\/web\\\/nondiscrimination-statement\\\/#breadcrumb\"},\"inLanguage\":\"en-US\",\"potentialAction\":[{\"@type\":\"ReadAction\",\"target\":[\"https:\\\/\\\/foodservices.hallco.org\\\/web\\\/nondiscrimination-statement\\\/\"]}]},{\"@type\":\"BreadcrumbList\",\"@id\":\"https:\\\/\\\/foodservices.hallco.org\\\/web\\\/nondiscrimination-statement\\\/#breadcrumb\",\"itemListElement\":[{\"@type\":\"ListItem\",\"position\":1,\"name\":\"Home\",\"item\":\"https:\\\/\\\/foodservices.hallco.org\\\/web\\\/welcome\\\/\"},{\"@type\":\"ListItem\",\"position\":2,\"name\":\"Non-discrimination Statement\"}]},{\"@type\":\"WebSite\",\"@id\":\"https:\\\/\\\/foodservices.hallco.org\\\/web\\\/#website\",\"url\":\"https:\\\/\\\/foodservices.hallco.org\\\/web\\\/\",\"name\":\"Hall County School Nutrition\",\"description\":\"Fuel For Student Learning\",\"potentialAction\":[{\"@type\":\"SearchAction\",\"target\":{\"@type\":\"EntryPoint\",\"urlTemplate\":\"https:\\\/\\\/foodservices.hallco.org\\\/web\\\/?s={search_term_string}\"},\"query-input\":{\"@type\":\"PropertyValueSpecification\",\"valueRequired\":true,\"valueName\":\"search_term_string\"}}],\"inLanguage\":\"en-US\"}]}<\/script>\n<!-- \/ Yoast SEO plugin. -->","yoast_head_json":{"title":"Non-discrimination Statement - Hall County School Nutrition","robots":{"index":"index","follow":"follow","max-snippet":"max-snippet:-1","max-image-preview":"max-image-preview:large","max-video-preview":"max-video-preview:-1"},"canonical":"https:\/\/foodservices.hallco.org\/web\/nondiscrimination-statement\/","og_locale":"en_US","og_type":"article","og_title":"Non-discrimination Statement - Hall County School Nutrition","og_url":"https:\/\/foodservices.hallco.org\/web\/nondiscrimination-statement\/","og_site_name":"Hall County School Nutrition","article_modified_time":"2023-07-26T11:23:20+00:00","twitter_card":"summary_large_image","twitter_misc":{"Est. reading time":"6 minutes"},"schema":{"@context":"https:\/\/schema.org","@graph":[{"@type":"WebPage","@id":"https:\/\/foodservices.hallco.org\/web\/nondiscrimination-statement\/","url":"https:\/\/foodservices.hallco.org\/web\/nondiscrimination-statement\/","name":"Non-discrimination Statement - Hall County School Nutrition","isPartOf":{"@id":"https:\/\/foodservices.hallco.org\/web\/#website"},"datePublished":"2022-08-01T16:06:31+00:00","dateModified":"2023-07-26T11:23:20+00:00","breadcrumb":{"@id":"https:\/\/foodservices.hallco.org\/web\/nondiscrimination-statement\/#breadcrumb"},"inLanguage":"en-US","potentialAction":[{"@type":"ReadAction","target":["https:\/\/foodservices.hallco.org\/web\/nondiscrimination-statement\/"]}]},{"@type":"BreadcrumbList","@id":"https:\/\/foodservices.hallco.org\/web\/nondiscrimination-statement\/#breadcrumb","itemListElement":[{"@type":"ListItem","position":1,"name":"Home","item":"https:\/\/foodservices.hallco.org\/web\/welcome\/"},{"@type":"ListItem","position":2,"name":"Non-discrimination Statement"}]},{"@type":"WebSite","@id":"https:\/\/foodservices.hallco.org\/web\/#website","url":"https:\/\/foodservices.hallco.org\/web\/","name":"Hall County School Nutrition","description":"Fuel For Student Learning","potentialAction":[{"@type":"SearchAction","target":{"@type":"EntryPoint","urlTemplate":"https:\/\/foodservices.hallco.org\/web\/?s={search_term_string}"},"query-input":{"@type":"PropertyValueSpecification","valueRequired":true,"valueName":"search_term_string"}}],"inLanguage":"en-US"}]}},"_links":{"self":[{"href":"https:\/\/foodservices.hallco.org\/web\/wp-json\/wp\/v2\/pages\/1904","targetHints":{"allow":["GET"]}}],"collection":[{"href":"https:\/\/foodservices.hallco.org\/web\/wp-json\/wp\/v2\/pages"}],"about":[{"href":"https:\/\/foodservices.hallco.org\/web\/wp-json\/wp\/v2\/types\/page"}],"author":[{"embeddable":true,"href":"https:\/\/foodservices.hallco.org\/web\/wp-json\/wp\/v2\/users\/7"}],"replies":[{"embeddable":true,"href":"https:\/\/foodservices.hallco.org\/web\/wp-json\/wp\/v2\/comments?post=1904"}],"version-history":[{"count":12,"href":"https:\/\/foodservices.hallco.org\/web\/wp-json\/wp\/v2\/pages\/1904\/revisions"}],"predecessor-version":[{"id":2767,"href":"https:\/\/foodservices.hallco.org\/web\/wp-json\/wp\/v2\/pages\/1904\/revisions\/2767"}],"wp:attachment":[{"href":"https:\/\/foodservices.hallco.org\/web\/wp-json\/wp\/v2\/media?parent=1904"}],"curies":[{"name":"wp","href":"https:\/\/api.w.org\/{rel}","templated":true}]}}