{"id":389,"date":"2018-12-03T16:37:45","date_gmt":"2018-12-03T16:37:45","guid":{"rendered":"https:\/\/foodservices.hallco.org\/site\/?page_id=389"},"modified":"2026-02-27T10:59:20","modified_gmt":"2026-02-27T15:59:20","slug":"menu-calendars","status":"publish","type":"page","link":"https:\/\/foodservices.hallco.org\/web\/menu-calendars\/","title":{"rendered":"Menu Calendars"},"content":{"rendered":"\n<style type=\"text\/css\" data-created_by=\"avia_inline_auto\" id=\"style-css-av-lyen6-8df70ae68a98a5e467e0bc0d43ee5466\">\n.avia-section.av-lyen6-8df70ae68a98a5e467e0bc0d43ee5466 .av-parallax .av-parallax-inner{\nbackground-repeat:no-repeat;\nbackground-image:url(https:\/\/foodservices.hallco.org\/web\/wp-content\/uploads\/2018\/12\/Webp.net-compress-image-2.jpg);\nbackground-position:50% 100%;\nbackground-attachment:scroll;\n}\n.avia-section.av-lyen6-8df70ae68a98a5e467e0bc0d43ee5466 .av-section-color-overlay{\nopacity:0.5;\nbackground-color:#000000;\n}\n<\/style>\n<div id='av_section_1'  class='avia-section av-lyen6-8df70ae68a98a5e467e0bc0d43ee5466 main_color avia-section-default avia-no-shadow  avia-builder-el-0  el_before_av_textblock  avia-builder-el-first  avia-full-stretch av-parallax-section avia-bg-style-parallax av-section-color-overlay-active container_wrap sidebar_right'  data-section-bg-repeat='stretch'><div class='av-parallax' data-avia-parallax-ratio='0.3' ><div class='av-parallax-inner main_color avia-full-stretch'><\/div><\/div><div class=\"av-section-color-overlay-wrap\"><div class=\"av-section-color-overlay\"><\/div><div class='container av-section-cont-open' ><main  role=\"main\" itemprop=\"mainContentOfPage\"  class='template-page content  av-content-small alpha units'><div class='post-entry post-entry-type-page post-entry-389'><div class='entry-content-wrapper clearfix'>\n\n<style type=\"text\/css\" data-created_by=\"avia_inline_auto\" id=\"style-css-av-kb9nuxup-db867f44e1cc4189297c4e44f76de4a7\">\n#top .av-special-heading.av-kb9nuxup-db867f44e1cc4189297c4e44f76de4a7{\npadding-bottom:0;\ncolor:#ffffff;\nfont-size:60px;\n}\nbody .av-special-heading.av-kb9nuxup-db867f44e1cc4189297c4e44f76de4a7 .av-special-heading-tag .heading-char{\nfont-size:25px;\n}\n#top #wrap_all .av-special-heading.av-kb9nuxup-db867f44e1cc4189297c4e44f76de4a7 .av-special-heading-tag{\nfont-size:60px;\n}\n.av-special-heading.av-kb9nuxup-db867f44e1cc4189297c4e44f76de4a7 .special-heading-inner-border{\nborder-color:#ffffff;\n}\n.av-special-heading.av-kb9nuxup-db867f44e1cc4189297c4e44f76de4a7 .av-subheading{\nfont-size:18px;\n}\n\n@media only screen and (min-width: 480px) and (max-width: 767px){ \n#top #wrap_all .av-special-heading.av-kb9nuxup-db867f44e1cc4189297c4e44f76de4a7 .av-special-heading-tag{\nfont-size:0.8em;\n}\n}\n\n@media only screen and (max-width: 479px){ \n#top #wrap_all .av-special-heading.av-kb9nuxup-db867f44e1cc4189297c4e44f76de4a7 .av-special-heading-tag{\nfont-size:0.8em;\n}\n}\n<\/style>\n<div  class='av-special-heading av-kb9nuxup-db867f44e1cc4189297c4e44f76de4a7 av-special-heading-h1 custom-color-heading blockquote modern-quote  avia-builder-el-1  avia-builder-el-no-sibling  av-thin-font av-inherit-size av-linked-heading'><h1 class='av-special-heading-tag '  itemprop=\"headline\"  >Menu <strong>Calendars<\/strong><\/h1><div class='av_custom_color av-subheading av-subheading_below'><p>See what your child is having for breakfast and lunch and prices for each.<\/p>\n<\/div><div class=\"special-heading-border\"><div class=\"special-heading-inner-border\"><\/div><\/div><\/div>\n<\/div><\/div><\/main><!-- close content main element --><\/div><\/div><\/div><div id='after_section_1'  class='main_color av_default_container_wrap container_wrap sidebar_right'  ><div class='container av-section-cont-open' ><div class='template-page content  av-content-small alpha units'><div class='post-entry post-entry-type-page post-entry-389'><div class='entry-content-wrapper clearfix'>\n<section  class='av_textblock_section av-k0cgzpo4-aa959fed2998a7f14b8256ce6560c8d5 '   itemscope=\"itemscope\" itemtype=\"https:\/\/schema.org\/CreativeWork\" ><div class='avia_textblock'  itemprop=\"text\" ><p>Please continue scrolling down the page to see older menus.<\/p>\n<p>Siga bajando por la p\u00e1gina para ver los men\u00fas m\u00e1s antiguos.<\/p>\n<\/div><\/section>\n<div  class='tabcontainer av-jpmtd8dd-1315b925a39ae7fc096bd1033527d6cb top_tab  avia-builder-el-3  el_after_av_textblock  avia-builder-el-last '>\n<section class='av_tab_section av_tab_section av-s1i4d-f59b072efef8627798f2c0a84ca1c8e7'  itemscope=\"itemscope\" itemtype=\"https:\/\/schema.org\/CreativeWork\" ><div id='tab-id-1-tab' class='tab active_tab' role='tab' aria-selected=\"true\" tabindex=\"0\" data-fake-id='#tab-id-1' aria-controls='tab-id-1-content'  itemprop=\"headline\" >ES English Menu<\/div><div id='tab-id-1-content' class='tab_content active_tab_content' role='tabpanel' aria-labelledby='tab-id-1-tab' aria-hidden=\"false\"><div class='tab_inner_content invers-color'  itemprop=\"text\" ><a href=\"https:\/\/foodservices.hallco.org\/web\/wp-content\/uploads\/2026\/02\/ES-March-English-SY26.pdf\" class=\"pdfemb-viewer\" style=\"\" data-width=\"max\" data-height=\"max\" data-mobile-width=\"500\"  data-scrollbar=\"none\" data-download=\"on\" data-tracking=\"on\" data-newwindow=\"on\" data-pagetextbox=\"off\" data-scrolltotop=\"off\" data-startzoom=\"100\" data-startfpzoom=\"100\" data-toolbar=\"bottom\" data-toolbar-fixed=\"off\">ES March English SY26<br\/><\/a>\n<\/div><\/div><\/section>\n<section class='av_tab_section av_tab_section av-k8tyd-156453631c2db9992802ccda232f634a'  itemscope=\"itemscope\" itemtype=\"https:\/\/schema.org\/CreativeWork\" ><div id='tab-id-2-tab' class='tab' role='tab' aria-selected=\"false\" tabindex=\"0\" data-fake-id='#tab-id-2' aria-controls='tab-id-2-content'  itemprop=\"headline\" >men\u00fa de la escuela primaria<\/div><div id='tab-id-2-content' class='tab_content' role='tabpanel' aria-labelledby='tab-id-2-tab' aria-hidden=\"true\"><div class='tab_inner_content invers-color'  itemprop=\"text\" ><a href=\"https:\/\/foodservices.hallco.org\/web\/wp-content\/uploads\/2026\/02\/ES-March-Spanish-SY26.pdf\" class=\"pdfemb-viewer\" style=\"\" data-width=\"max\" data-height=\"max\" data-mobile-width=\"500\"  data-scrollbar=\"none\" data-download=\"on\" data-tracking=\"on\" data-newwindow=\"on\" data-pagetextbox=\"off\" data-scrolltotop=\"off\" data-startzoom=\"100\" data-startfpzoom=\"100\" data-toolbar=\"bottom\" data-toolbar-fixed=\"off\">ES March Spanish SY26<br\/><\/a>\n<\/div><\/div><\/section>\n<section class='av_tab_section av_tab_section av-1ifel-da8cf25dac94465eedb264d9d6b2ba44'  itemscope=\"itemscope\" itemtype=\"https:\/\/schema.org\/CreativeWork\" ><div id='tab-id-3-tab' class='tab' role='tab' aria-selected=\"false\" tabindex=\"0\" data-fake-id='#tab-id-3' aria-controls='tab-id-3-content'  itemprop=\"headline\" >MS English Menu<\/div><div id='tab-id-3-content' class='tab_content' role='tabpanel' aria-labelledby='tab-id-3-tab' aria-hidden=\"true\"><div class='tab_inner_content invers-color'  itemprop=\"text\" ><a href=\"https:\/\/foodservices.hallco.org\/web\/wp-content\/uploads\/2026\/02\/MS-March-English-SY26.pdf\" class=\"pdfemb-viewer\" style=\"\" data-width=\"max\" data-height=\"max\" data-mobile-width=\"500\"  data-scrollbar=\"none\" data-download=\"on\" data-tracking=\"on\" data-newwindow=\"on\" data-pagetextbox=\"off\" data-scrolltotop=\"off\" data-startzoom=\"100\" data-startfpzoom=\"100\" data-toolbar=\"bottom\" data-toolbar-fixed=\"off\">MS March English SY26<br\/><\/a>\n<\/div><\/div><\/section>\n<section class='av_tab_section av_tab_section av-twot-c4390c7c820411bc827b7714bc9d9e47'  itemscope=\"itemscope\" itemtype=\"https:\/\/schema.org\/CreativeWork\" ><div id='tab-id-4-tab' class='tab' role='tab' aria-selected=\"false\" tabindex=\"0\" data-fake-id='#tab-id-4' aria-controls='tab-id-4-content'  itemprop=\"headline\" >men\u00fa de la escuela media<\/div><div id='tab-id-4-content' class='tab_content' role='tabpanel' aria-labelledby='tab-id-4-tab' aria-hidden=\"true\"><div class='tab_inner_content invers-color'  itemprop=\"text\" ><a href=\"https:\/\/foodservices.hallco.org\/web\/wp-content\/uploads\/2026\/02\/MS-March-Spanish-SY26.pdf\" class=\"pdfemb-viewer\" style=\"\" data-width=\"max\" data-height=\"max\" data-mobile-width=\"500\"  data-scrollbar=\"none\" data-download=\"on\" data-tracking=\"on\" data-newwindow=\"on\" data-pagetextbox=\"off\" data-scrolltotop=\"off\" data-startzoom=\"100\" data-startfpzoom=\"100\" data-toolbar=\"bottom\" data-toolbar-fixed=\"off\">MS March Spanish SY26<br\/><\/a>\n<\/div><\/div><\/section>\n<section class='av_tab_section av_tab_section av-l67xxdh1-591d4b2ada68329583c3d58fe32cbbd5'  itemscope=\"itemscope\" itemtype=\"https:\/\/schema.org\/CreativeWork\" ><div id='tab-id-5-tab' class='tab' role='tab' aria-selected=\"false\" tabindex=\"0\" data-fake-id='#tab-id-5' aria-controls='tab-id-5-content'  itemprop=\"headline\" >HS English Menu<\/div><div id='tab-id-5-content' class='tab_content' role='tabpanel' aria-labelledby='tab-id-5-tab' aria-hidden=\"true\"><div class='tab_inner_content invers-color'  itemprop=\"text\" ><a href=\"https:\/\/foodservices.hallco.org\/web\/wp-content\/uploads\/2026\/02\/HS-March-English-SY26.pdf\" class=\"pdfemb-viewer\" style=\"\" data-width=\"max\" data-height=\"max\" data-mobile-width=\"500\"  data-scrollbar=\"none\" data-download=\"on\" data-tracking=\"on\" data-newwindow=\"on\" data-pagetextbox=\"off\" data-scrolltotop=\"off\" data-startzoom=\"100\" data-startfpzoom=\"100\" data-toolbar=\"bottom\" data-toolbar-fixed=\"off\">HS March English SY26<br\/><\/a>\n<\/div><\/div><\/section>\n<section class='av_tab_section av_tab_section av-l67xysyi-05d1c13a4631c780151a1d2f01355061'  itemscope=\"itemscope\" itemtype=\"https:\/\/schema.org\/CreativeWork\" ><div id='tab-id-6-tab' class='tab' role='tab' aria-selected=\"false\" tabindex=\"0\" data-fake-id='#tab-id-6' aria-controls='tab-id-6-content'  itemprop=\"headline\" >men\u00fa de la escuela secundaria<\/div><div id='tab-id-6-content' class='tab_content' role='tabpanel' aria-labelledby='tab-id-6-tab' aria-hidden=\"true\"><div class='tab_inner_content invers-color'  itemprop=\"text\" ><a href=\"https:\/\/foodservices.hallco.org\/web\/wp-content\/uploads\/2026\/02\/HS-March-Spanish-SY26.pdf\" class=\"pdfemb-viewer\" style=\"\" data-width=\"max\" data-height=\"max\" data-mobile-width=\"500\"  data-scrollbar=\"none\" data-download=\"on\" data-tracking=\"on\" data-newwindow=\"on\" data-pagetextbox=\"off\" data-scrolltotop=\"off\" data-startzoom=\"100\" data-startfpzoom=\"100\" data-toolbar=\"bottom\" data-toolbar-fixed=\"off\">HS March Spanish SY26<br\/><\/a>\n<\/div><\/div><\/section>\n<section class='av_tab_section av_tab_section av-mesna0ct-6de353443d08f4415da07163964bbeff'  itemscope=\"itemscope\" itemtype=\"https:\/\/schema.org\/CreativeWork\" ><div id='tab-id-7-tab' class='tab' role='tab' aria-selected=\"false\" tabindex=\"0\" data-fake-id='#tab-id-7' aria-controls='tab-id-7-content'  itemprop=\"headline\" >Ivester Early College English<\/div><div id='tab-id-7-content' class='tab_content' role='tabpanel' aria-labelledby='tab-id-7-tab' aria-hidden=\"true\"><div class='tab_inner_content invers-color'  itemprop=\"text\" ><a href=\"https:\/\/foodservices.hallco.org\/web\/wp-content\/uploads\/2026\/02\/Ivester-March-English-SY26.pdf\" class=\"pdfemb-viewer\" style=\"\" data-width=\"max\" data-height=\"max\" data-mobile-width=\"500\"  data-scrollbar=\"none\" data-download=\"on\" data-tracking=\"on\" data-newwindow=\"on\" data-pagetextbox=\"off\" data-scrolltotop=\"off\" data-startzoom=\"100\" data-startfpzoom=\"100\" data-toolbar=\"bottom\" data-toolbar-fixed=\"off\">Ivester March English SY26<br\/><\/a>\n<\/div><\/div><\/section>\n<section class='av_tab_section av_tab_section av-mesnd2ls-95e9f32426a78820fc177e978795b2b0'  itemscope=\"itemscope\" itemtype=\"https:\/\/schema.org\/CreativeWork\" ><div id='tab-id-8-tab' class='tab' role='tab' aria-selected=\"false\" tabindex=\"0\" data-fake-id='#tab-id-8' aria-controls='tab-id-8-content'  itemprop=\"headline\" >men\u00fa de la Ivester Early College<\/div><div id='tab-id-8-content' class='tab_content' role='tabpanel' aria-labelledby='tab-id-8-tab' aria-hidden=\"true\"><div class='tab_inner_content invers-color'  itemprop=\"text\" ><a href=\"https:\/\/foodservices.hallco.org\/web\/wp-content\/uploads\/2026\/02\/Ivester-March-Spanish-SY26.pdf\" class=\"pdfemb-viewer\" style=\"\" data-width=\"max\" data-height=\"max\" data-mobile-width=\"500\"  data-scrollbar=\"none\" data-download=\"on\" data-tracking=\"on\" data-newwindow=\"on\" data-pagetextbox=\"off\" data-scrolltotop=\"off\" data-startzoom=\"100\" data-startfpzoom=\"100\" data-toolbar=\"bottom\" data-toolbar-fixed=\"off\">Ivester March Spanish SY26<br\/><\/a>\n<\/div><\/div><\/section>\n<section class='av_tab_section av_tab_section av-l67xzwne-ad3efffc55f1584c93fd4ad39741f005'  itemscope=\"itemscope\" itemtype=\"https:\/\/schema.org\/CreativeWork\" ><div id='tab-id-9-tab' class='tab' role='tab' aria-selected=\"false\" tabindex=\"0\" data-fake-id='#tab-id-9' aria-controls='tab-id-9-content'  itemprop=\"headline\" >Adaptive Menus<\/div><div id='tab-id-9-content' class='tab_content' role='tabpanel' aria-labelledby='tab-id-9-tab' aria-hidden=\"true\"><div class='tab_inner_content invers-color'  itemprop=\"text\" ><p style=\"text-align: center;\"><a href=\"https:\/\/foodservices.hallco.org\/web\/wp-content\/uploads\/2026\/02\/SY26-ES-March-Adaptive.pdf\">SY26 March\u00a0ES Adaptive Menu<\/a><\/p>\n<p style=\"text-align: center;\"><a href=\"https:\/\/foodservices.hallco.org\/web\/wp-content\/uploads\/2026\/02\/SY26-MSHS-March-Adaptive.pdf\">SY26 March MSHS Adaptive Menu<\/a><\/p>\n<\/div><\/div><\/section>\n<\/div>\n","protected":false},"excerpt":{"rendered":"","protected":false},"author":7,"featured_media":0,"parent":0,"menu_order":0,"comment_status":"closed","ping_status":"closed","template":"","meta":{"_monsterinsights_skip_tracking":false,"_monsterinsights_sitenote_active":false,"_monsterinsights_sitenote_note":"","_monsterinsights_sitenote_category":0,"footnotes":""},"class_list":["post-389","page","type-page","status-publish","hentry"],"yoast_head":"<!-- This site is optimized with the Yoast SEO plugin v27.3 - https:\/\/yoast.com\/product\/yoast-seo-wordpress\/ -->\n<title>Menu Calendars - Hall County School Nutrition<\/title>\n<meta name=\"robots\" content=\"index, follow, max-snippet:-1, max-image-preview:large, max-video-preview:-1\" \/>\n<link rel=\"canonical\" href=\"https:\/\/foodservices.hallco.org\/web\/menu-calendars\/\" \/>\n<meta property=\"og:locale\" content=\"en_US\" \/>\n<meta property=\"og:type\" content=\"article\" \/>\n<meta property=\"og:title\" content=\"Menu Calendars - Hall County School Nutrition\" \/>\n<meta property=\"og:url\" content=\"https:\/\/foodservices.hallco.org\/web\/menu-calendars\/\" \/>\n<meta property=\"og:site_name\" content=\"Hall County School Nutrition\" \/>\n<meta property=\"article:modified_time\" content=\"2026-02-27T15:59:20+00:00\" \/>\n<meta name=\"twitter:card\" content=\"summary_large_image\" \/>\n<meta name=\"twitter:label1\" content=\"Est. reading time\" \/>\n\t<meta name=\"twitter:data1\" content=\"1 minute\" \/>\n<script type=\"application\/ld+json\" class=\"yoast-schema-graph\">{\"@context\":\"https:\\\/\\\/schema.org\",\"@graph\":[{\"@type\":\"WebPage\",\"@id\":\"https:\\\/\\\/foodservices.hallco.org\\\/web\\\/menu-calendars\\\/\",\"url\":\"https:\\\/\\\/foodservices.hallco.org\\\/web\\\/menu-calendars\\\/\",\"name\":\"Menu Calendars - Hall County School Nutrition\",\"isPartOf\":{\"@id\":\"https:\\\/\\\/foodservices.hallco.org\\\/web\\\/#website\"},\"datePublished\":\"2018-12-03T16:37:45+00:00\",\"dateModified\":\"2026-02-27T15:59:20+00:00\",\"breadcrumb\":{\"@id\":\"https:\\\/\\\/foodservices.hallco.org\\\/web\\\/menu-calendars\\\/#breadcrumb\"},\"inLanguage\":\"en-US\",\"potentialAction\":[{\"@type\":\"ReadAction\",\"target\":[\"https:\\\/\\\/foodservices.hallco.org\\\/web\\\/menu-calendars\\\/\"]}]},{\"@type\":\"BreadcrumbList\",\"@id\":\"https:\\\/\\\/foodservices.hallco.org\\\/web\\\/menu-calendars\\\/#breadcrumb\",\"itemListElement\":[{\"@type\":\"ListItem\",\"position\":1,\"name\":\"Home\",\"item\":\"https:\\\/\\\/foodservices.hallco.org\\\/web\\\/welcome\\\/\"},{\"@type\":\"ListItem\",\"position\":2,\"name\":\"Menu Calendars\"}]},{\"@type\":\"WebSite\",\"@id\":\"https:\\\/\\\/foodservices.hallco.org\\\/web\\\/#website\",\"url\":\"https:\\\/\\\/foodservices.hallco.org\\\/web\\\/\",\"name\":\"Hall County School Nutrition\",\"description\":\"Fuel For Student Learning\",\"potentialAction\":[{\"@type\":\"SearchAction\",\"target\":{\"@type\":\"EntryPoint\",\"urlTemplate\":\"https:\\\/\\\/foodservices.hallco.org\\\/web\\\/?s={search_term_string}\"},\"query-input\":{\"@type\":\"PropertyValueSpecification\",\"valueRequired\":true,\"valueName\":\"search_term_string\"}}],\"inLanguage\":\"en-US\"}]}<\/script>\n<!-- \/ Yoast SEO plugin. -->","yoast_head_json":{"title":"Menu Calendars - Hall County School Nutrition","robots":{"index":"index","follow":"follow","max-snippet":"max-snippet:-1","max-image-preview":"max-image-preview:large","max-video-preview":"max-video-preview:-1"},"canonical":"https:\/\/foodservices.hallco.org\/web\/menu-calendars\/","og_locale":"en_US","og_type":"article","og_title":"Menu Calendars - Hall County School Nutrition","og_url":"https:\/\/foodservices.hallco.org\/web\/menu-calendars\/","og_site_name":"Hall County School Nutrition","article_modified_time":"2026-02-27T15:59:20+00:00","twitter_card":"summary_large_image","twitter_misc":{"Est. reading time":"1 minute"},"schema":{"@context":"https:\/\/schema.org","@graph":[{"@type":"WebPage","@id":"https:\/\/foodservices.hallco.org\/web\/menu-calendars\/","url":"https:\/\/foodservices.hallco.org\/web\/menu-calendars\/","name":"Menu Calendars - Hall County School Nutrition","isPartOf":{"@id":"https:\/\/foodservices.hallco.org\/web\/#website"},"datePublished":"2018-12-03T16:37:45+00:00","dateModified":"2026-02-27T15:59:20+00:00","breadcrumb":{"@id":"https:\/\/foodservices.hallco.org\/web\/menu-calendars\/#breadcrumb"},"inLanguage":"en-US","potentialAction":[{"@type":"ReadAction","target":["https:\/\/foodservices.hallco.org\/web\/menu-calendars\/"]}]},{"@type":"BreadcrumbList","@id":"https:\/\/foodservices.hallco.org\/web\/menu-calendars\/#breadcrumb","itemListElement":[{"@type":"ListItem","position":1,"name":"Home","item":"https:\/\/foodservices.hallco.org\/web\/welcome\/"},{"@type":"ListItem","position":2,"name":"Menu Calendars"}]},{"@type":"WebSite","@id":"https:\/\/foodservices.hallco.org\/web\/#website","url":"https:\/\/foodservices.hallco.org\/web\/","name":"Hall County School Nutrition","description":"Fuel For Student Learning","potentialAction":[{"@type":"SearchAction","target":{"@type":"EntryPoint","urlTemplate":"https:\/\/foodservices.hallco.org\/web\/?s={search_term_string}"},"query-input":{"@type":"PropertyValueSpecification","valueRequired":true,"valueName":"search_term_string"}}],"inLanguage":"en-US"}]}},"_links":{"self":[{"href":"https:\/\/foodservices.hallco.org\/web\/wp-json\/wp\/v2\/pages\/389","targetHints":{"allow":["GET"]}}],"collection":[{"href":"https:\/\/foodservices.hallco.org\/web\/wp-json\/wp\/v2\/pages"}],"about":[{"href":"https:\/\/foodservices.hallco.org\/web\/wp-json\/wp\/v2\/types\/page"}],"author":[{"embeddable":true,"href":"https:\/\/foodservices.hallco.org\/web\/wp-json\/wp\/v2\/users\/7"}],"replies":[{"embeddable":true,"href":"https:\/\/foodservices.hallco.org\/web\/wp-json\/wp\/v2\/comments?post=389"}],"version-history":[{"count":78,"href":"https:\/\/foodservices.hallco.org\/web\/wp-json\/wp\/v2\/pages\/389\/revisions"}],"predecessor-version":[{"id":2949,"href":"https:\/\/foodservices.hallco.org\/web\/wp-json\/wp\/v2\/pages\/389\/revisions\/2949"}],"wp:attachment":[{"href":"https:\/\/foodservices.hallco.org\/web\/wp-json\/wp\/v2\/media?parent=389"}],"curies":[{"name":"wp","href":"https:\/\/api.w.org\/{rel}","templated":true}]}}